{"id":16,"date":"2024-11-28T05:47:15","date_gmt":"2024-11-28T05:47:15","guid":{"rendered":"https:\/\/orchid-finch-637151.hostingersite.com\/fr\/?page_id=16"},"modified":"2024-12-16T06:38:44","modified_gmt":"2024-12-16T06:38:44","slug":"privacy-policies","status":"publish","type":"page","link":"https:\/\/findmepromos.com\/fr\/privacy-policies\/","title":{"rendered":"Politique de confidentialit\u00e9"},"content":{"rendered":"<p>Ici, \u00e0 findmepromos.com\/fr, nous reconnaissons que votre la confidentialit\u00e9 est tr\u00e8s importante et pour vous tenir inform\u00e9 de nos pratiques en mati\u00e8re de confidentialit\u00e9 nous vous demandons de bien vouloir lire les directives d\u00e9crites ci-dessous. Garde en t\u00eate que parce que\u00a0findmepromos.com\/fr est un site Web en pleine croissance et que les technologies Internet sont en constante \u00e9volution, ces directives sont susceptibles de changer et tout dit les modifications seront publi\u00e9es sur cette page. Tout changement important par rapport au courant pratiques seront affich\u00e9s ici pour servir d&#8217;avis. findmepromos.com\/fr n&#8217;est pas responsable du contenu ou des politiques de confidentialit\u00e9 des sites Web auxquels il peut lien.<\/p>\n<p>Base juridique du traitement<\/p>\n<p>Nous avons le droit l\u00e9gal d&#8217;utiliser vos informations personnelles de la mani\u00e8re d\u00e9crite dans la pr\u00e9sente politique de confidentialit\u00e9 en fonction de votre consentement ou de la n\u00e9cessit\u00e9 d&#8217;utiliser les informations personnelles pour vous fournir les biens ou services que vous demandez, ou \u00e0 des fins l\u00e9gitimes notre relation existante avec vous ou la pr\u00e9vention de la fraude. En cons\u00e9quence, vous avez une obligation contractuelle plut\u00f4t que l\u00e9gale de fournir ces informations. Si vous ne fournissez pas ces informations, vous ne pourrez peut-\u00eatre pas utiliser nos Services et nous ne pourrons peut-\u00eatre pas vous fournir les biens ou services que vous demandez.<\/p>\n<p>Informations personnelles<\/p>\n<p>Lors de l&#8217;inscription \u00e0 l&#8217;adh\u00e9sion, nous pouvons collecter des informations personnelles telles que votre nom, adresse e-mail, date de naissance, sexe, code postal, profession, secteur d&#8217;activit\u00e9, informations sur le contribuable, informations sur le compte PayPal, informations sur le portefeuille blockchain et int\u00e9r\u00eats personnels. Pour certains produits et services financiers, nous pouvons \u00e9galement demander plus d&#8217;informations. Nous collectons g\u00e9n\u00e9ralement des informations personnelles directement aupr\u00e8s de vous, bien que nous puissions parfois utiliser des agents ou des prestataires de services pour le faire pour nous. Lorsque vous \u00eates en ligne, nous collectons des informations concernant les pages de notre r\u00e9seau que vous visitez. Nous pouvons \u00e9galement acqu\u00e9rir des listes d&#8217;autres sources, \u00e0 la fois d&#8217;autres soci\u00e9t\u00e9s et d&#8217;autres documents publics. Pour chaque visiteur de notre site Web, notre serveur Web ne reconna\u00eet automatiquement que le nom de domaine du consommateur, mais pas l&#8217;adresse e-mail (si possible). Nous ne collectons pas d&#8217;informations personnelles sur les consommateurs qui naviguent sur notre site Web sans compte, mais nous pouvons collecter des informations relatives \u00e0 leur parcours de navigation, aux d\u00e9taillants qu&#8217;ils visitent et aux produits avec lesquels ils interagissent sur notre site ou sur les sites Web des marchands qu&#8217;ils visitent.<\/p>\n","protected":false},"excerpt":{"rendered":"<p>Ici, \u00e0 findmepromos.com\/fr, nous reconnaissons que votre la confidentialit\u00e9 est tr\u00e8s importante et pour vous tenir inform\u00e9 de nos pratiques en mati\u00e8re de confidentialit\u00e9 nous vous demandons de bien vouloir lire les directives d\u00e9crites ci-dessous. Garde en t\u00eate que parce que\u00a0findmepromos.com\/fr est un site Web en pleine croissance et que les technologies Internet sont en [&hellip;]<\/p>\n","protected":false},"author":2,"featured_media":0,"parent":0,"menu_order":7,"comment_status":"closed","ping_status":"closed","template":"","meta":{"_acf_changed":false,"footnotes":""},"class_list":["post-16","page","type-page","status-publish","hentry"],"acf":[],"yoast_head":"<!-- This site is optimized with the Yoast SEO plugin v25.1 - https:\/\/yoast.com\/wordpress\/plugins\/seo\/ -->\n<title>Politique de confidentialit\u00e9 - Find Me Promos<\/title>\n<meta name=\"robots\" content=\"index, follow, max-snippet:-1, max-image-preview:large, max-video-preview:-1\" \/>\n<link rel=\"canonical\" href=\"https:\/\/findmepromos.com\/fr\/privacy-policies\/\" \/>\n<meta property=\"og:locale\" content=\"en_US\" \/>\n<meta property=\"og:type\" content=\"article\" \/>\n<meta property=\"og:title\" content=\"Politique de confidentialit\u00e9 - Find Me Promos\" \/>\n<meta property=\"og:description\" content=\"Ici, \u00e0 findmepromos.com\/fr, nous reconnaissons que votre la confidentialit\u00e9 est tr\u00e8s importante et pour vous tenir inform\u00e9 de nos pratiques en mati\u00e8re de confidentialit\u00e9 nous vous demandons de bien vouloir lire les directives d\u00e9crites ci-dessous. Garde en t\u00eate que parce que\u00a0findmepromos.com\/fr est un site Web en pleine croissance et que les technologies Internet sont en [&hellip;]\" \/>\n<meta property=\"og:url\" content=\"https:\/\/findmepromos.com\/fr\/privacy-policies\/\" \/>\n<meta property=\"og:site_name\" content=\"Find Me Promos\" \/>\n<meta property=\"article:modified_time\" content=\"2024-12-16T06:38:44+00:00\" \/>\n<meta name=\"twitter:card\" content=\"summary_large_image\" \/>\n<meta name=\"twitter:label1\" content=\"Est. reading time\" \/>\n\t<meta name=\"twitter:data1\" content=\"2 minutes\" \/>\n<script type=\"application\/ld+json\" class=\"yoast-schema-graph\">{\"@context\":\"https:\/\/schema.org\",\"@graph\":[{\"@type\":\"WebPage\",\"@id\":\"https:\/\/findmepromos.com\/fr\/privacy-policies\/\",\"url\":\"https:\/\/findmepromos.com\/fr\/privacy-policies\/\",\"name\":\"Politique de confidentialit\u00e9 - Find Me Promos\",\"isPartOf\":{\"@id\":\"https:\/\/findmepromos.com\/fr\/#website\"},\"datePublished\":\"2024-11-28T05:47:15+00:00\",\"dateModified\":\"2024-12-16T06:38:44+00:00\",\"breadcrumb\":{\"@id\":\"https:\/\/findmepromos.com\/fr\/privacy-policies\/#breadcrumb\"},\"inLanguage\":\"en-US\",\"potentialAction\":[{\"@type\":\"ReadAction\",\"target\":[\"https:\/\/findmepromos.com\/fr\/privacy-policies\/\"]}]},{\"@type\":\"BreadcrumbList\",\"@id\":\"https:\/\/findmepromos.com\/fr\/privacy-policies\/#breadcrumb\",\"itemListElement\":[{\"@type\":\"ListItem\",\"position\":1,\"name\":\"Home\",\"item\":\"https:\/\/findmepromos.com\/fr\/\"},{\"@type\":\"ListItem\",\"position\":2,\"name\":\"Politique de confidentialit\u00e9\"}]},{\"@type\":\"WebSite\",\"@id\":\"https:\/\/findmepromos.com\/fr\/#website\",\"url\":\"https:\/\/findmepromos.com\/fr\/\",\"name\":\"Find Me Promos\",\"description\":\"\",\"publisher\":{\"@id\":\"https:\/\/findmepromos.com\/fr\/#organization\"},\"potentialAction\":[{\"@type\":\"SearchAction\",\"target\":{\"@type\":\"EntryPoint\",\"urlTemplate\":\"https:\/\/findmepromos.com\/fr\/?s={search_term_string}\"},\"query-input\":{\"@type\":\"PropertyValueSpecification\",\"valueRequired\":true,\"valueName\":\"search_term_string\"}}],\"inLanguage\":\"en-US\"},{\"@type\":\"Organization\",\"@id\":\"https:\/\/findmepromos.com\/fr\/#organization\",\"name\":\"Find Me Promos\",\"url\":\"https:\/\/findmepromos.com\/fr\/\",\"logo\":{\"@type\":\"ImageObject\",\"inLanguage\":\"en-US\",\"@id\":\"https:\/\/findmepromos.com\/fr\/#\/schema\/logo\/image\/\",\"url\":\"https:\/\/findmepromos.com\/fr\/wp-content\/uploads\/2024\/11\/head-logo.png\",\"contentUrl\":\"https:\/\/findmepromos.com\/fr\/wp-content\/uploads\/2024\/11\/head-logo.png\",\"width\":500,\"height\":56,\"caption\":\"Find Me Promos\"},\"image\":{\"@id\":\"https:\/\/findmepromos.com\/fr\/#\/schema\/logo\/image\/\"}}]}<\/script>\n<!-- \/ Yoast SEO plugin. -->","yoast_head_json":{"title":"Politique de confidentialit\u00e9 - Find Me Promos","robots":{"index":"index","follow":"follow","max-snippet":"max-snippet:-1","max-image-preview":"max-image-preview:large","max-video-preview":"max-video-preview:-1"},"canonical":"https:\/\/findmepromos.com\/fr\/privacy-policies\/","og_locale":"en_US","og_type":"article","og_title":"Politique de confidentialit\u00e9 - Find Me Promos","og_description":"Ici, \u00e0 findmepromos.com\/fr, nous reconnaissons que votre la confidentialit\u00e9 est tr\u00e8s importante et pour vous tenir inform\u00e9 de nos pratiques en mati\u00e8re de confidentialit\u00e9 nous vous demandons de bien vouloir lire les directives d\u00e9crites ci-dessous. Garde en t\u00eate que parce que\u00a0findmepromos.com\/fr est un site Web en pleine croissance et que les technologies Internet sont en [&hellip;]","og_url":"https:\/\/findmepromos.com\/fr\/privacy-policies\/","og_site_name":"Find Me Promos","article_modified_time":"2024-12-16T06:38:44+00:00","twitter_card":"summary_large_image","twitter_misc":{"Est. reading time":"2 minutes"},"schema":{"@context":"https:\/\/schema.org","@graph":[{"@type":"WebPage","@id":"https:\/\/findmepromos.com\/fr\/privacy-policies\/","url":"https:\/\/findmepromos.com\/fr\/privacy-policies\/","name":"Politique de confidentialit\u00e9 - Find Me Promos","isPartOf":{"@id":"https:\/\/findmepromos.com\/fr\/#website"},"datePublished":"2024-11-28T05:47:15+00:00","dateModified":"2024-12-16T06:38:44+00:00","breadcrumb":{"@id":"https:\/\/findmepromos.com\/fr\/privacy-policies\/#breadcrumb"},"inLanguage":"en-US","potentialAction":[{"@type":"ReadAction","target":["https:\/\/findmepromos.com\/fr\/privacy-policies\/"]}]},{"@type":"BreadcrumbList","@id":"https:\/\/findmepromos.com\/fr\/privacy-policies\/#breadcrumb","itemListElement":[{"@type":"ListItem","position":1,"name":"Home","item":"https:\/\/findmepromos.com\/fr\/"},{"@type":"ListItem","position":2,"name":"Politique de confidentialit\u00e9"}]},{"@type":"WebSite","@id":"https:\/\/findmepromos.com\/fr\/#website","url":"https:\/\/findmepromos.com\/fr\/","name":"Find Me Promos","description":"","publisher":{"@id":"https:\/\/findmepromos.com\/fr\/#organization"},"potentialAction":[{"@type":"SearchAction","target":{"@type":"EntryPoint","urlTemplate":"https:\/\/findmepromos.com\/fr\/?s={search_term_string}"},"query-input":{"@type":"PropertyValueSpecification","valueRequired":true,"valueName":"search_term_string"}}],"inLanguage":"en-US"},{"@type":"Organization","@id":"https:\/\/findmepromos.com\/fr\/#organization","name":"Find Me Promos","url":"https:\/\/findmepromos.com\/fr\/","logo":{"@type":"ImageObject","inLanguage":"en-US","@id":"https:\/\/findmepromos.com\/fr\/#\/schema\/logo\/image\/","url":"https:\/\/findmepromos.com\/fr\/wp-content\/uploads\/2024\/11\/head-logo.png","contentUrl":"https:\/\/findmepromos.com\/fr\/wp-content\/uploads\/2024\/11\/head-logo.png","width":500,"height":56,"caption":"Find Me Promos"},"image":{"@id":"https:\/\/findmepromos.com\/fr\/#\/schema\/logo\/image\/"}}]}},"_links":{"self":[{"href":"https:\/\/findmepromos.com\/fr\/wp-json\/wp\/v2\/pages\/16","targetHints":{"allow":["GET"]}}],"collection":[{"href":"https:\/\/findmepromos.com\/fr\/wp-json\/wp\/v2\/pages"}],"about":[{"href":"https:\/\/findmepromos.com\/fr\/wp-json\/wp\/v2\/types\/page"}],"author":[{"embeddable":true,"href":"https:\/\/findmepromos.com\/fr\/wp-json\/wp\/v2\/users\/2"}],"replies":[{"embeddable":true,"href":"https:\/\/findmepromos.com\/fr\/wp-json\/wp\/v2\/comments?post=16"}],"version-history":[{"count":8,"href":"https:\/\/findmepromos.com\/fr\/wp-json\/wp\/v2\/pages\/16\/revisions"}],"predecessor-version":[{"id":33813,"href":"https:\/\/findmepromos.com\/fr\/wp-json\/wp\/v2\/pages\/16\/revisions\/33813"}],"wp:attachment":[{"href":"https:\/\/findmepromos.com\/fr\/wp-json\/wp\/v2\/media?parent=16"}],"curies":[{"name":"wp","href":"https:\/\/api.w.org\/{rel}","templated":true}]}}