{"id":104,"date":"2024-11-29T11:28:39","date_gmt":"2024-11-29T11:28:39","guid":{"rendered":"https:\/\/orchid-finch-637151.hostingersite.com\/no\/?page_id=104"},"modified":"2025-04-08T05:20:44","modified_gmt":"2025-04-08T05:20:44","slug":"gdpr-policy","status":"publish","type":"page","link":"https:\/\/findmepromos.com\/no\/gdpr-policy\/","title":{"rendered":"GDPR-policy"},"content":{"rendered":"<p><strong>Sist oppdatert<\/strong>: 1. januar 2024<\/p>\n<p>Denne personvernerkl\u00e6ringen beskriver v\u00e5re retningslinjer og prosedyrer for innsamling, bruk og avsl\u00f8ring av informasjonen din n\u00e5r du bruker tjenesten og forteller deg om personvernrettighetene dine og hvordan loven beskytter deg.<\/p>\n<p>Vi bruker dine personopplysninger til \u00e5 tilby og forbedre tjenesten. Ved \u00e5 bruke tjenesten godtar du innsamling og bruk av informasjon i samsvar med denne personvernerkl\u00e6ringen. Denne personvernerkl\u00e6ringen er opprettet ved hjelp av Free Privacy Policy Generator.<\/p>\n<p><strong>Tolkning og definisjoner<\/strong><br \/>\n<strong>Tolkning<\/strong><br \/>\nOrdene der den f\u00f8rste bokstaven er stor har betydninger definert under f\u00f8lgende forhold. F\u00f8lgende definisjoner skal ha samme betydning uavhengig av om de st\u00e5r i entall eller flertall.<\/p>\n<p><strong>Definisjoner<\/strong><br \/>\nFor form\u00e5lene med denne personvernerkl\u00e6ringen:<\/p>\n<p>Konto betyr en unik konto opprettet for deg for \u00e5 f\u00e5 tilgang til tjenesten v\u00e5r eller deler av tjenesten v\u00e5r.<br \/>\nSelskapet (referert til som enten &#8220;selskapet&#8221;, &#8220;vi&#8221;, &#8220;oss&#8221; eller &#8220;v\u00e5r&#8221; i denne avtalen) refererer til AFFILITO, kontor nr. 3, 2. etasje, bygning nr. 37-C, spor 8, Bukhari Commercial, DHA.<br \/>\nInformasjonskapsler er sm\u00e5 filer som plasseres p\u00e5 datamaskinen din, mobilenheten eller en hvilken som helst annen enhet av et nettsted, og inneholder detaljene om nettleserloggen din p\u00e5 den nettsiden blant dens mange bruksomr\u00e5der.<br \/>\nLand viser til: Pakistan<br \/>\nEnhet betyr enhver enhet som kan f\u00e5 tilgang til tjenesten, for eksempel en datamaskin, en mobiltelefon eller et digitalt nettbrett.<br \/>\nPersonopplysninger er all informasjon som er relatert til en identifisert eller identifiserbar person.<br \/>\nTjenesten refererer til nettstedet.<br \/>\nTjenesteleverand\u00f8r betyr enhver fysisk eller juridisk person som behandler dataene p\u00e5 vegne av selskapet. Det refererer til tredjepartsbedrifter eller enkeltpersoner ansatt av selskapet for \u00e5 tilrettelegge for tjenesten, for \u00e5 yte tjenesten p\u00e5 vegne av selskapet, for \u00e5 utf\u00f8re tjenester relatert til tjenesten eller for \u00e5 bist\u00e5 selskapet med \u00e5 analysere hvordan tjenesten brukes.<br \/>\nBruksdata refererer til data som samles inn automatisk, enten generert ved bruk av tjenesten eller fra selve tjenesteinfrastrukturen (for eksempel varigheten av et sidebes\u00f8k).<br \/>\nNettstedet refererer til Findmepromos, tilgjengelig fra https:\/\/findmepromos.com\/<br \/>\nDu betyr individet som har tilgang til eller bruker tjenesten, eller selskapet, eller annen juridisk enhet p\u00e5 vegne av denne personen har tilgang til eller bruker tjenesten, alt etter hva som er aktuelt.<\/p>\n<p><strong>Innsamling og bruk av dine personlige data<\/strong><br \/>\n<strong>Datatyper som samles inn<\/strong><br \/>\n<strong>Personlige data<\/strong><br \/>\nMens vi bruker tjenesten v\u00e5r, kan vi be deg om \u00e5 gi oss visse personlig identifiserbare opplysninger som kan brukes til \u00e5 kontakte eller identifisere deg. Personlig identifiserbar informasjon kan omfatte, men er ikke begrenset til:<\/p>\n<p>E-postadresse<br \/>\nBruksdata<\/p>\n<p><strong>Bruksdata<\/strong><br \/>\nBruksdata samles inn automatisk n\u00e5r du bruker tjenesten.<\/p>\n<p>Bruksdata kan inkludere informasjon som enhetens Internett-protokolladresse (f.eks. IP-adresse), nettlesertype, nettleserversjon, sidene i tjenesten du bes\u00f8ker, klokkeslett og dato for bes\u00f8ket ditt, tiden brukt p\u00e5 disse sidene, unike enhetsidentifikatorer og andre diagnostiske data.<\/p>\n<p>N\u00e5r du f\u00e5r tilgang til tjenesten via eller gjennom en mobilenhet, kan vi samle inn viss informasjon automatisk, inkludert, men ikke begrenset til, typen mobilenhet du bruker, mobilenhetens unike ID, IP-adressen til mobilenheten din, mobiloperativsystemet ditt, typen mobil nettleser du bruker, unike enhetsidentifikatorer og andre diagnostiske data.<\/p>\n<p>Vi kan ogs\u00e5 samle inn informasjon som din nettleser sender n\u00e5r du bes\u00f8ker tjenesten v\u00e5r eller n\u00e5r du f\u00e5r tilgang til tjenesten via eller via en mobilenhet.<\/p>\n<p>Sporingsteknologier og informasjonskapsler<br \/>\nVi bruker informasjonskapsler og lignende sporingsteknologier for \u00e5 spore aktiviteten p\u00e5 tjenesten v\u00e5r og lagre visse opplysninger. Sporingsteknologier som brukes er beacons, tags og skript for \u00e5 samle inn og spore informasjon og for \u00e5 forbedre og analysere tjenesten v\u00e5r. Teknologiene vi bruker kan omfatte:<\/p>\n<p>Informasjonskapsler eller nettleserinformasjonskapsler. En informasjonskapsel er en liten fil plassert p\u00e5 enheten din. Du kan instruere nettleseren din om \u00e5 nekte alle informasjonskapsler eller \u00e5 indikere n\u00e5r en informasjonskapsel sendes. Imidlertid, hvis du ikke godtar informasjonskapsler, kan det hende du ikke kan bruke enkelte deler av tjenesten v\u00e5r. Med mindre du har justert nettleserinnstillingen slik at den vil nekte informasjonskapsler, kan tjenesten v\u00e5r bruke informasjonskapsler.<br \/>\nWeb Beacons. Enkelte deler av tjenesten v\u00e5r og e-postene v\u00e5re kan inneholde sm\u00e5 elektroniske filer kjent som web beacons (ogs\u00e5 referert til som klare gifs, pikseltagger og enkeltpiksel gifs) som tillater selskapet for eksempel \u00e5 telle brukere som har bes\u00f8kt disse sidene eller \u00e5pnet en e-post og for annen relatert nettstedstatistikk (for eksempel registrering av populariteten til et bestemt system og serverdel og verifisering).<br \/>\nInformasjonskapsler kan v\u00e6re &#8220;Persistente&#8221; eller &#8220;Session&#8221;-informasjonskapsler. Vedvarende informasjonskapsler forblir p\u00e5 din personlige datamaskin eller mobilenhet n\u00e5r du g\u00e5r offline, mens \u00f8ktinformasjonskapsler slettes s\u00e5 snart du lukker nettleseren. L\u00e6r mer om informasjonskapsler i artikkelen om gratis personvernregler.<\/p>\n<p>&nbsp;<\/p>\n<p>Vi bruker b\u00e5de \u00f8kt- og vedvarende informasjonskapsler for form\u00e5lene som er angitt nedenfor:<\/p>\n<p>N\u00f8dvendige\/essensielle informasjonskapslerType: \u00d8ktinformasjonskapsler<br \/>\nAdministrert av: Oss<\/p>\n<p>Form\u00e5l: Disse informasjonskapslene er essensielle for \u00e5 gi deg tjenester tilgjengelig via nettstedet og for \u00e5 gj\u00f8re det mulig for deg \u00e5 bruke noen av funksjonene. De bidrar til \u00e5 autentisere brukere og forhindre uredelig bruk av brukerkontoer. Uten disse informasjonskapslene kan ikke tjenestene du har bedt om tilbys, og vi bruker kun disse informasjonskapslene for \u00e5 gi deg disse tjenestene.<\/p>\n<p>Retningslinjer for informasjonskapsler \/ Godkjennelse av informasjonskapsler Type: Vedvarende informasjonskapsler<br \/>\nAdministrert av: Oss<\/p>\n<p>Form\u00e5l: Disse informasjonskapslene identifiserer om brukere har akseptert bruken av informasjonskapsler p\u00e5 nettstedet.<\/p>\n<p>Funksjonalitet CookiesType: Vedvarende informasjonskapsler<br \/>\nAdministrert av: Oss<\/p>\n<p>Form\u00e5l: Disse informasjonskapslene lar oss huske valg du gj\u00f8r n\u00e5r du bruker nettstedet, for eksempel \u00e5 huske p\u00e5loggingsdetaljer eller spr\u00e5kpreferanser. Form\u00e5let med disse informasjonskapslene er \u00e5 gi deg en mer personlig opplevelse og unng\u00e5 at du m\u00e5 angi innstillingene dine p\u00e5 nytt hver gang du bruker nettstedet.<\/p>\n<p>For mer informasjon om informasjonskapslene vi bruker og dine valg ang\u00e5ende informasjonskapsler, vennligst bes\u00f8k v\u00e5re retningslinjer for informasjonskapsler eller delen om informasjonskapsler i v\u00e5r personvernerkl\u00e6ring.<\/p>\n<p><strong>Bruk av dine personlige data<\/strong><br \/>\nSelskapet kan bruke personopplysninger til f\u00f8lgende form\u00e5l:<\/p>\n<p>For \u00e5 tilby og vedlikeholde tjenesten v\u00e5r, inkludert \u00e5 overv\u00e5ke bruken av tjenesten v\u00e5r.<br \/>\nFor \u00e5 administrere kontoen din: for \u00e5 administrere registreringen din som bruker av tjenesten. Personopplysningene du oppgir kan gi deg tilgang til ulike funksjoner i tjenesten som er tilgjengelige for deg som registrert bruker.<br \/>\nFor gjennomf\u00f8ring av en kontrakt: utvikling, overholdelse og gjennomf\u00f8ring av kj\u00f8pskontrakten for produktene, varene eller tjenestene du har kj\u00f8pt eller en annen kontrakt med oss \u200b\u200bgjennom tjenesten.<br \/>\nFor \u00e5 kontakte deg: For \u00e5 kontakte deg via e-post, telefonsamtaler, SMS eller andre tilsvarende former for elektronisk kommunikasjon, for eksempel en mobilapplikasjons push-varslinger ang\u00e5ende oppdateringer eller informativ kommunikasjon knyttet til funksjonaliteten, produktene eller avtalte tjenestene, inkludert sikkerhetsoppdateringene, n\u00e5r det er n\u00f8dvendig eller rimelig for implementeringen.<br \/>\nFor \u00e5 gi deg nyheter, spesialtilbud og generell informasjon om andre varer, tjenester og arrangementer som vi tilbyr som ligner p\u00e5 de du allerede har kj\u00f8pt eller spurt om med mindre du har valgt \u00e5 ikke motta slik informasjon.<br \/>\nFor \u00e5 administrere foresp\u00f8rslene dine: For \u00e5 delta og administrere foresp\u00f8rslene dine til oss.<br \/>\nFor virksomhetsoverf\u00f8ringer: Vi kan bruke opplysningene dine til \u00e5 evaluere eller gjennomf\u00f8re en fusjon, avhendelse, restrukturering, omorganisering, oppl\u00f8sning eller annet salg eller overf\u00f8ring av noen eller alle v\u00e5re eiendeler, enten som en fortsatt drift eller som en del av konkurs, likvidasjon eller lignende prosedyre, der personopplysninger som holdes av oss om v\u00e5re tjenestebrukere er blant eiendelene som overf\u00f8res.<br \/>\nFor andre form\u00e5l: Vi kan bruke informasjonen din til andre form\u00e5l, for eksempel dataanalyse, identifisering av brukstrender, bestemme effektiviteten av v\u00e5re kampanjekampanjer og for \u00e5 evaluere og forbedre tjenesten v\u00e5r, produktene, tjenestene, markedsf\u00f8ringen og din opplevelse.<br \/>\nVi kan dele din personlige informasjon i f\u00f8lgende situasjoner:<\/p>\n<p>Med tjenesteleverand\u00f8rer: Vi kan dele din personlige informasjon med tjenesteleverand\u00f8rer for \u00e5 overv\u00e5ke og analysere bruken av tjenesten v\u00e5r, for \u00e5 kontakte deg.<br \/>\nFor virksomhetsoverf\u00f8ringer: Vi kan dele eller overf\u00f8re din personlige informasjon i forbindelse med, eller under forhandlinger om, enhver fusjon, salg av selskapets eiendeler, finansiering eller oppkj\u00f8p av hele eller deler av virksomheten v\u00e5r til et annet selskap.<br \/>\nMed tilknyttede selskaper: Vi kan dele informasjonen din med v\u00e5re tilknyttede selskaper, i s\u00e5 fall vil vi kreve at disse tilknyttede selskapene overholder denne personvernerkl\u00e6ringen. Tilknyttede selskaper inkluderer v\u00e5rt morselskap og alle andre datterselskaper, joint venture-partnere eller andre selskaper som vi kontrollerer eller som er under felles kontroll med oss.<br \/>\nMed forretningspartnere: Vi kan dele din informasjon med v\u00e5re forretningspartnere for \u00e5 tilby deg visse produkter, tjenester eller kampanjer.<br \/>\nMed andre brukere: n\u00e5r du deler personlig informasjon eller p\u00e5 annen m\u00e5te samhandler i offentlige omr\u00e5der med andre brukere, kan slik informasjon bli sett av alle brukere og kan distribueres offentlig utenfor.<br \/>\nMed ditt samtykke: Vi kan avsl\u00f8re din personlige informasjon til andre form\u00e5l med ditt samtykke.<\/p>\n<p><strong>Oppbevaring av dine personlige data<\/strong><br \/>\nSelskapet vil bare beholde dine personopplysninger s\u00e5 lenge det er n\u00f8dvendig for form\u00e5lene angitt i denne personvernerkl\u00e6ringen. Vi vil beholde og bruke dine personopplysninger i den grad det er n\u00f8dvendig for \u00e5 overholde v\u00e5re juridiske forpliktelser (for eksempel hvis vi er p\u00e5lagt \u00e5 beholde dataene dine for \u00e5 overholde gjeldende lover), l\u00f8se tvister og h\u00e5ndheve v\u00e5re juridiske avtaler og retningslinjer.<\/p>\n<p>Selskapet vil ogs\u00e5 beholde bruksdata for interne analyseform\u00e5l. Bruksdata oppbevares generelt i en kortere periode, bortsett fra n\u00e5r disse dataene brukes til \u00e5 styrke sikkerheten eller forbedre funksjonaliteten til tjenesten v\u00e5r, eller vi er juridisk forpliktet til \u00e5 oppbevare disse dataene i lengre tidsperioder.<\/p>\n<p><strong>Overf\u00f8ring av dine personlige data<\/strong><br \/>\nDin informasjon, inkludert personopplysninger, behandles p\u00e5 selskapets driftskontorer og p\u00e5 andre steder der partene som er involvert i behandlingen befinner seg. Det betyr at denne informasjonen kan overf\u00f8res til \u2013 og vedlikeholdes p\u00e5 \u2013 datamaskiner som befinner seg utenfor din stat, provins, land eller annen statlig jurisdiksjon der databeskyttelseslovene kan avvike fra din jurisdiksjon.<\/p>\n<p>Ditt samtykke til denne personvernerkl\u00e6ringen etterfulgt av din innsending av slik informasjon representerer din samtykke til den overf\u00f8ringen.<\/p>\n<p>Selskapet vil ta alle n\u00f8dvendige skritt for \u00e5 sikre at dataene dine behandles sikkert og i samsvar med denne personvernerkl\u00e6ringen, og ingen overf\u00f8ring av dine personlige data vil finne sted til en organisasjon eller et land med mindre det er tilstrekkelige kontroller p\u00e5 plass, inkludert sikkerheten til dataene dine og annen personlig informasjon.<\/p>\n<p><strong>Slett dine personlige data<\/strong><br \/>\nDu har rett til \u00e5 slette eller be om at vi hjelper til med \u00e5 slette personopplysningene vi har samlet inn om deg.<\/p>\n<p>Tjenesten v\u00e5r kan gi deg muligheten til \u00e5 slette visse opplysninger om deg fra tjenesten.<\/p>\n<p>Du kan oppdatere, endre eller slette informasjonen din n\u00e5r som helst ved \u00e5 logge p\u00e5 kontoen din, hvis du har en, og g\u00e5 til kontoinnstillinger-delen som lar deg administrere din personlige informasjon. Du kan ogs\u00e5 kontakte oss for \u00e5 be om tilgang til, korrigere eller slette all personlig informasjon som du har gitt oss.<\/p>\n<p>V\u00e6r imidlertid oppmerksom p\u00e5 at vi kan trenge \u00e5 beholde visse opplysninger n\u00e5r vi har en juridisk forpliktelse eller lovlig grunnlag for \u00e5 gj\u00f8re det.<\/p>\n<p><strong>Avsl\u00f8ring av dine personlige data<\/strong><br \/>\n<strong>Forretningstransaksjoner<\/strong><br \/>\nHvis selskapet er involvert i en fusjon, oppkj\u00f8p eller salg av eiendeler, kan dine personopplysninger bli overf\u00f8rt. Vi vil varsle f\u00f8r dine personlige data overf\u00f8res og blir underlagt en annen personvernerkl\u00e6ring.<\/p>\n<p><strong>Rettsh\u00e5ndhevelse<\/strong><br \/>\nUnder visse omstendigheter kan selskapet bli p\u00e5lagt \u00e5 avsl\u00f8re dine personopplysninger hvis det er p\u00e5lagt \u00e5 gj\u00f8re det ved lov eller som svar p\u00e5 gyldige foresp\u00f8rsler fra offentlige myndigheter (f.eks. en domstol eller et offentlig organ).<\/p>\n<p><strong>Andre lovkrav<\/strong><br \/>\nSelskapet kan avsl\u00f8re dine personopplysninger i god tro om at en slik handling er n\u00f8dvendig for \u00e5:<br \/>\nOverhold en juridisk forpliktelse<br \/>\nBeskytte og forsvare rettighetene eller eiendommen til selskapet<br \/>\nForhindre eller unders\u00f8ke mulige forseelser i forbindelse med tjenesten<br \/>\nBeskytt den personlige sikkerheten til brukere av tjenesten eller offentligheten<br \/>\nBeskytt mot juridisk ansvar<\/p>\n<p><strong>Sikkerheten til dine personlige data<\/strong><br \/>\nSikkerheten til dine personlige data er viktig for oss, men husk at ingen metode for overf\u00f8ring over Internett eller elektronisk lagring er 100 % sikker. Selv om vi streber etter \u00e5 bruke kommersielt akseptable midler for \u00e5 beskytte dine personlige data, kan vi ikke garantere absolutt sikkerhet.<\/p>\n<p><strong>Barns personvern<\/strong><br \/>\nTjenesten v\u00e5r henvender seg ikke til noen under 13 \u00e5r. Vi samler ikke bevisst inn personlig identifiserbar informasjon fra noen under 13 \u00e5r. Hvis du er en forelder eller verge og du er klar over at barnet ditt har gitt oss personopplysninger, vennligst kontakt oss. Hvis vi blir klar over at vi har samlet inn personopplysninger fra noen under 13 \u00e5r uten bekreftelse av foreldrenes samtykke, tar vi skritt for \u00e5 fjerne denne informasjonen fra serverne v\u00e5re.<\/p>\n<p>Hvis vi trenger \u00e5 stole p\u00e5 samtykke som et juridisk grunnlag for \u00e5 behandle informasjonen din og landet ditt krever samtykke fra en forelder, kan vi kreve samtykke fra foreldrene dine f\u00f8r vi samler inn og bruker denne informasjonen.<\/p>\n<p><strong>Lenker til andre nettsteder<\/strong><br \/>\nTjenesten v\u00e5r kan inneholde lenker til andre nettsteder som ikke drives av oss. Hvis du klikker p\u00e5 en tredjepartskobling, vil du bli dirigert til denne tredjepartens nettsted. Vi anbefaler deg p\u00e5 det sterkeste \u00e5 lese personvernreglene for hvert nettsted du bes\u00f8ker.<\/p>\n<p>Vi har ingen kontroll over og p\u00e5tar oss intet ansvar for innholdet, personvernreglene eller praksisen til tredjeparts nettsteder eller tjenester.<\/p>\n<p><strong>Endringer i denne personvernerkl\u00e6ringen<\/strong><br \/>\nVi kan oppdatere v\u00e5r personvernerkl\u00e6ring fra tid til annen. Vi vil varsle deg om eventuelle endringer ved \u00e5 legge ut den nye personvernerkl\u00e6ringen p\u00e5 denne siden.<\/p>\n<p>Vi vil gi deg beskjed via e-post og\/eller en fremtredende melding p\u00e5 tjenesten v\u00e5r, f\u00f8r endringen trer i kraft, og oppdaterer \u00abSist oppdatert\u00bb-datoen \u00f8verst i denne personvernerkl\u00e6ringen.<\/p>\n<p>Du anbefales \u00e5 gjennomg\u00e5 denne personvernerkl\u00e6ringen med jevne mellomrom for eventuelle endringer. Endringer i denne personvernerkl\u00e6ringen trer i kraft n\u00e5r de legges ut p\u00e5 denne siden.<\/p>\n<p><strong>Kontakt oss<\/strong><br \/>\nHvis du har sp\u00f8rsm\u00e5l om denne personvernerkl\u00e6ringen, kan du kontakte oss:<\/p>\n<p><strong>P\u00e5 e-post<\/strong>: contact@findmepromos.com<\/p>\n","protected":false},"excerpt":{"rendered":"<p>Sist oppdatert: 1. januar 2024 Denne personvernerkl\u00e6ringen beskriver v\u00e5re retningslinjer og prosedyrer for innsamling, bruk og avsl\u00f8ring av informasjonen din n\u00e5r du bruker tjenesten og forteller deg om personvernrettighetene dine og hvordan loven beskytter deg. Vi bruker dine personopplysninger til \u00e5 tilby og forbedre tjenesten. Ved \u00e5 bruke tjenesten godtar du innsamling og bruk av [&hellip;]<\/p>\n","protected":false},"author":2,"featured_media":0,"parent":0,"menu_order":4,"comment_status":"closed","ping_status":"closed","template":"","meta":{"_acf_changed":false,"footnotes":""},"class_list":["post-104","page","type-page","status-publish","hentry"],"acf":[],"yoast_head":"<!-- This site is optimized with the Yoast SEO plugin v25.1 - https:\/\/yoast.com\/wordpress\/plugins\/seo\/ -->\n<title>GDPR-policy - Find Me Promos<\/title>\n<meta name=\"robots\" content=\"index, follow, max-snippet:-1, max-image-preview:large, max-video-preview:-1\" \/>\n<link rel=\"canonical\" href=\"https:\/\/findmepromos.com\/no\/gdpr-policy\/\" \/>\n<meta property=\"og:locale\" content=\"en_US\" \/>\n<meta property=\"og:type\" content=\"article\" \/>\n<meta property=\"og:title\" content=\"GDPR-policy - Find Me Promos\" \/>\n<meta property=\"og:description\" content=\"Sist oppdatert: 1. januar 2024 Denne personvernerkl\u00e6ringen beskriver v\u00e5re retningslinjer og prosedyrer for innsamling, bruk og avsl\u00f8ring av informasjonen din n\u00e5r du bruker tjenesten og forteller deg om personvernrettighetene dine og hvordan loven beskytter deg. Vi bruker dine personopplysninger til \u00e5 tilby og forbedre tjenesten. Ved \u00e5 bruke tjenesten godtar du innsamling og bruk av [&hellip;]\" \/>\n<meta property=\"og:url\" content=\"https:\/\/findmepromos.com\/no\/gdpr-policy\/\" \/>\n<meta property=\"og:site_name\" content=\"Find Me Promos\" \/>\n<meta property=\"article:modified_time\" content=\"2025-04-08T05:20:44+00:00\" \/>\n<meta name=\"twitter:card\" content=\"summary_large_image\" \/>\n<meta name=\"twitter:label1\" content=\"Est. reading time\" \/>\n\t<meta name=\"twitter:data1\" content=\"10 minutes\" \/>\n<script type=\"application\/ld+json\" class=\"yoast-schema-graph\">{\"@context\":\"https:\/\/schema.org\",\"@graph\":[{\"@type\":\"WebPage\",\"@id\":\"https:\/\/findmepromos.com\/no\/gdpr-policy\/\",\"url\":\"https:\/\/findmepromos.com\/no\/gdpr-policy\/\",\"name\":\"GDPR-policy - Find Me Promos\",\"isPartOf\":{\"@id\":\"https:\/\/findmepromos.com\/no\/#website\"},\"datePublished\":\"2024-11-29T11:28:39+00:00\",\"dateModified\":\"2025-04-08T05:20:44+00:00\",\"breadcrumb\":{\"@id\":\"https:\/\/findmepromos.com\/no\/gdpr-policy\/#breadcrumb\"},\"inLanguage\":\"en-US\",\"potentialAction\":[{\"@type\":\"ReadAction\",\"target\":[\"https:\/\/findmepromos.com\/no\/gdpr-policy\/\"]}]},{\"@type\":\"BreadcrumbList\",\"@id\":\"https:\/\/findmepromos.com\/no\/gdpr-policy\/#breadcrumb\",\"itemListElement\":[{\"@type\":\"ListItem\",\"position\":1,\"name\":\"Home\",\"item\":\"https:\/\/findmepromos.com\/no\/\"},{\"@type\":\"ListItem\",\"position\":2,\"name\":\"GDPR-policy\"}]},{\"@type\":\"WebSite\",\"@id\":\"https:\/\/findmepromos.com\/no\/#website\",\"url\":\"https:\/\/findmepromos.com\/no\/\",\"name\":\"Find Me Promos\",\"description\":\"\",\"publisher\":{\"@id\":\"https:\/\/findmepromos.com\/no\/#organization\"},\"potentialAction\":[{\"@type\":\"SearchAction\",\"target\":{\"@type\":\"EntryPoint\",\"urlTemplate\":\"https:\/\/findmepromos.com\/no\/?s={search_term_string}\"},\"query-input\":{\"@type\":\"PropertyValueSpecification\",\"valueRequired\":true,\"valueName\":\"search_term_string\"}}],\"inLanguage\":\"en-US\"},{\"@type\":\"Organization\",\"@id\":\"https:\/\/findmepromos.com\/no\/#organization\",\"name\":\"Find Me Promos\",\"url\":\"https:\/\/findmepromos.com\/no\/\",\"logo\":{\"@type\":\"ImageObject\",\"inLanguage\":\"en-US\",\"@id\":\"https:\/\/findmepromos.com\/no\/#\/schema\/logo\/image\/\",\"url\":\"https:\/\/findmepromos.com\/no\/wp-content\/uploads\/2024\/11\/head-logo.png\",\"contentUrl\":\"https:\/\/findmepromos.com\/no\/wp-content\/uploads\/2024\/11\/head-logo.png\",\"width\":500,\"height\":56,\"caption\":\"Find Me Promos\"},\"image\":{\"@id\":\"https:\/\/findmepromos.com\/no\/#\/schema\/logo\/image\/\"}}]}<\/script>\n<!-- \/ Yoast SEO plugin. -->","yoast_head_json":{"title":"GDPR-policy - Find Me Promos","robots":{"index":"index","follow":"follow","max-snippet":"max-snippet:-1","max-image-preview":"max-image-preview:large","max-video-preview":"max-video-preview:-1"},"canonical":"https:\/\/findmepromos.com\/no\/gdpr-policy\/","og_locale":"en_US","og_type":"article","og_title":"GDPR-policy - Find Me Promos","og_description":"Sist oppdatert: 1. januar 2024 Denne personvernerkl\u00e6ringen beskriver v\u00e5re retningslinjer og prosedyrer for innsamling, bruk og avsl\u00f8ring av informasjonen din n\u00e5r du bruker tjenesten og forteller deg om personvernrettighetene dine og hvordan loven beskytter deg. Vi bruker dine personopplysninger til \u00e5 tilby og forbedre tjenesten. Ved \u00e5 bruke tjenesten godtar du innsamling og bruk av [&hellip;]","og_url":"https:\/\/findmepromos.com\/no\/gdpr-policy\/","og_site_name":"Find Me Promos","article_modified_time":"2025-04-08T05:20:44+00:00","twitter_card":"summary_large_image","twitter_misc":{"Est. reading time":"10 minutes"},"schema":{"@context":"https:\/\/schema.org","@graph":[{"@type":"WebPage","@id":"https:\/\/findmepromos.com\/no\/gdpr-policy\/","url":"https:\/\/findmepromos.com\/no\/gdpr-policy\/","name":"GDPR-policy - Find Me Promos","isPartOf":{"@id":"https:\/\/findmepromos.com\/no\/#website"},"datePublished":"2024-11-29T11:28:39+00:00","dateModified":"2025-04-08T05:20:44+00:00","breadcrumb":{"@id":"https:\/\/findmepromos.com\/no\/gdpr-policy\/#breadcrumb"},"inLanguage":"en-US","potentialAction":[{"@type":"ReadAction","target":["https:\/\/findmepromos.com\/no\/gdpr-policy\/"]}]},{"@type":"BreadcrumbList","@id":"https:\/\/findmepromos.com\/no\/gdpr-policy\/#breadcrumb","itemListElement":[{"@type":"ListItem","position":1,"name":"Home","item":"https:\/\/findmepromos.com\/no\/"},{"@type":"ListItem","position":2,"name":"GDPR-policy"}]},{"@type":"WebSite","@id":"https:\/\/findmepromos.com\/no\/#website","url":"https:\/\/findmepromos.com\/no\/","name":"Find Me Promos","description":"","publisher":{"@id":"https:\/\/findmepromos.com\/no\/#organization"},"potentialAction":[{"@type":"SearchAction","target":{"@type":"EntryPoint","urlTemplate":"https:\/\/findmepromos.com\/no\/?s={search_term_string}"},"query-input":{"@type":"PropertyValueSpecification","valueRequired":true,"valueName":"search_term_string"}}],"inLanguage":"en-US"},{"@type":"Organization","@id":"https:\/\/findmepromos.com\/no\/#organization","name":"Find Me Promos","url":"https:\/\/findmepromos.com\/no\/","logo":{"@type":"ImageObject","inLanguage":"en-US","@id":"https:\/\/findmepromos.com\/no\/#\/schema\/logo\/image\/","url":"https:\/\/findmepromos.com\/no\/wp-content\/uploads\/2024\/11\/head-logo.png","contentUrl":"https:\/\/findmepromos.com\/no\/wp-content\/uploads\/2024\/11\/head-logo.png","width":500,"height":56,"caption":"Find Me Promos"},"image":{"@id":"https:\/\/findmepromos.com\/no\/#\/schema\/logo\/image\/"}}]}},"_links":{"self":[{"href":"https:\/\/findmepromos.com\/no\/wp-json\/wp\/v2\/pages\/104","targetHints":{"allow":["GET"]}}],"collection":[{"href":"https:\/\/findmepromos.com\/no\/wp-json\/wp\/v2\/pages"}],"about":[{"href":"https:\/\/findmepromos.com\/no\/wp-json\/wp\/v2\/types\/page"}],"author":[{"embeddable":true,"href":"https:\/\/findmepromos.com\/no\/wp-json\/wp\/v2\/users\/2"}],"replies":[{"embeddable":true,"href":"https:\/\/findmepromos.com\/no\/wp-json\/wp\/v2\/comments?post=104"}],"version-history":[{"count":4,"href":"https:\/\/findmepromos.com\/no\/wp-json\/wp\/v2\/pages\/104\/revisions"}],"predecessor-version":[{"id":37925,"href":"https:\/\/findmepromos.com\/no\/wp-json\/wp\/v2\/pages\/104\/revisions\/37925"}],"wp:attachment":[{"href":"https:\/\/findmepromos.com\/no\/wp-json\/wp\/v2\/media?parent=104"}],"curies":[{"name":"wp","href":"https:\/\/api.w.org\/{rel}","templated":true}]}}